{"id":722,"date":"2015-11-26T19:43:52","date_gmt":"2015-11-26T19:43:52","guid":{"rendered":"https:\/\/www.saegiag.ch\/en\/index-of-retailers\/frankreich\/"},"modified":"2023-03-16T13:53:38","modified_gmt":"2023-03-16T13:53:38","slug":"frankreich","status":"publish","type":"page","link":"https:\/\/www.saegiag.ch\/en\/index-of-retailers\/frankreich\/","title":{"rendered":"Frankreich"},"content":{"rendered":"<h1 class=\"leftcolumn\">H\u00e4ndlernachweis:\u00a0Frankreich<\/h1>\n<table>\n<tbody>\n<tr>\n<th width=\"10%\">Stadt<\/th>\n<th width=\"20%\">Fachgesch\u00e4ft<\/th>\n<th width=\"20%\">Strasse<\/th>\n<th width=\"20%\">Telefon<\/th>\n<th width=\"20%\">Internet<\/th>\n<\/tr>\n<tr>\n<td>Le Touquet<\/td>\n<td>La Mascotte<\/td>\n<td>61-63, rue Saint-Jean<\/td>\n<td>+33 3 21 05 63 03<\/td>\n<td>www.lamascotte-touquet.com<\/td>\n<\/tr>\n<tr>\n<td><\/td>\n<td><\/td>\n<td><\/td>\n<td><\/td>\n<td><\/td>\n<\/tr>\n<tr>\n<td>M\u00e9ribel<\/td>\n<td>Scandi D\u00e9coration<\/td>\n<td>Immeuble Le P\u00e9taru<\/td>\n<td>+33 4 79 08 63 24<\/td>\n<td>www.scandi.fr<\/td>\n<\/tr>\n<tr>\n<td><\/td>\n<td><\/td>\n<td><\/td>\n<td><\/td>\n<td><\/td>\n<\/tr>\n<tr>\n<td>Mont Germent<\/td>\n<td>In-Ty<\/td>\n<td>9, rue Edison<\/td>\n<td>+33 2 99 54 84 25<\/td>\n<td><\/td>\n<\/tr>\n<tr>\n<td><\/td>\n<td><\/td>\n<td><\/td>\n<td><\/td>\n<td><\/td>\n<\/tr>\n<tr>\n<td>Mont St. Aignan<\/td>\n<td>Lignes<\/td>\n<td>1, rue P.Gilles de Gennes<\/td>\n<td>+33 2 35 59 01 02<\/td>\n<td>www.lignes.fr<\/td>\n<\/tr>\n<tr>\n<td><\/td>\n<td><\/td>\n<td><\/td>\n<td><\/td>\n<td><\/td>\n<\/tr>\n<tr>\n<td>Paris<\/td>\n<td>KRD<\/td>\n<td>58, rue de Bourgogne<\/td>\n<td>+33 1 44 18 94 88<\/td>\n<td>www.krd.fr<\/td>\n<\/tr>\n<tr>\n<td><\/td>\n<td>Design S.A.<\/td>\n<td>226, Bd. St. Germain<\/td>\n<td>+33 1 42 22 40 89<\/td>\n<td><\/td>\n<\/tr>\n<tr>\n<td><\/td>\n<td><\/td>\n<td><\/td>\n<td><\/td>\n<td><\/td>\n<\/tr>\n<tr>\n<td>Porto Vecchio<\/td>\n<td>La maison sur l\u2019\u00eele<\/td>\n<td>3, rue Jean-Jaures<\/td>\n<td>+33 4 95 72 06 74<\/td>\n<td><\/td>\n<\/tr>\n<tr>\n<td><\/td>\n<td><\/td>\n<td><\/td>\n<td><\/td>\n<td><\/td>\n<\/tr>\n<tr>\n<td>St-Remy- de- Provence<\/td>\n<td>by PAKA<\/td>\n<td>30, Boulevard Mirabeau<\/td>\n<td>+33 4 90 92 66 66<\/td>\n<td>www.bypaka.fr<\/td>\n<\/tr>\n<\/tbody>\n<\/table>\n<p><\/p>\n","protected":false},"excerpt":{"rendered":"<p>H\u00e4ndlernachweis:\u00a0Frankreich Stadt Fachgesch\u00e4ft Strasse Telefon Internet Le Touquet La Mascotte 61-63, rue Saint-Jean +33 3 21 05 63 03 www.lamascotte-touquet.com M\u00e9ribel Scandi D\u00e9coration Immeuble Le P\u00e9taru +33 4 79 08 63 24 www.scandi.fr Mont Germent In-Ty 9, rue Edison +33 2 99 54 84 25 Mont St. Aignan Lignes 1, rue P.Gilles de Gennes +33 &hellip;<\/p>\n","protected":false},"author":1,"featured_media":0,"parent":704,"menu_order":0,"comment_status":"closed","ping_status":"closed","template":"","meta":{"footnotes":""},"_links":{"self":[{"href":"https:\/\/www.saegiag.ch\/en\/wp-json\/wp\/v2\/pages\/722"}],"collection":[{"href":"https:\/\/www.saegiag.ch\/en\/wp-json\/wp\/v2\/pages"}],"about":[{"href":"https:\/\/www.saegiag.ch\/en\/wp-json\/wp\/v2\/types\/page"}],"author":[{"embeddable":true,"href":"https:\/\/www.saegiag.ch\/en\/wp-json\/wp\/v2\/users\/1"}],"replies":[{"embeddable":true,"href":"https:\/\/www.saegiag.ch\/en\/wp-json\/wp\/v2\/comments?post=722"}],"version-history":[{"count":10,"href":"https:\/\/www.saegiag.ch\/en\/wp-json\/wp\/v2\/pages\/722\/revisions"}],"predecessor-version":[{"id":1678,"href":"https:\/\/www.saegiag.ch\/en\/wp-json\/wp\/v2\/pages\/722\/revisions\/1678"}],"up":[{"embeddable":true,"href":"https:\/\/www.saegiag.ch\/en\/wp-json\/wp\/v2\/pages\/704"}],"wp:attachment":[{"href":"https:\/\/www.saegiag.ch\/en\/wp-json\/wp\/v2\/media?parent=722"}],"curies":[{"name":"wp","href":"https:\/\/api.w.org\/{rel}","templated":true}]}}