{"id":726,"date":"2015-11-26T19:48:06","date_gmt":"2015-11-26T19:48:06","guid":{"rendered":"https:\/\/www.saegiag.ch\/en\/index-of-retailers\/oesterreich\/"},"modified":"2016-01-13T16:36:44","modified_gmt":"2016-01-13T16:36:44","slug":"austria","status":"publish","type":"page","link":"https:\/\/www.saegiag.ch\/en\/index-of-retailers\/austria\/","title":{"rendered":"Austria"},"content":{"rendered":"<h1 class=\"leftcolumn\">Index of retailers:\u00a0Austria<\/h1>\n<table>\n<tbody>\n<tr>\n<th width=\"10%\">City<\/th>\n<th width=\"20%\">Shop<\/th>\n<th width=\"20%\">Street<\/th>\n<th width=\"20%\">Phone<\/th>\n<th width=\"20%\">Internet<\/th>\n<\/tr>\n<tr>\n<td>G\u00f6tzis<\/td>\n<td>Clemens Seewald<\/td>\n<td>Dr. Alf. Heinzle-Str. 19<\/td>\n<td>+43 552 362 69 3<\/td>\n<td>www.seewald-ofen.at<\/td>\n<\/tr>\n<tr>\n<td><\/td>\n<td><\/td>\n<td><\/td>\n<td><\/td>\n<td><\/td>\n<\/tr>\n<tr>\n<td>Kitzb\u00fchel<\/td>\n<td>Carsten Schulze<\/td>\n<td><\/td>\n<td><\/td>\n<td><\/td>\n<\/tr>\n<tr>\n<td><\/td>\n<td>Lebensr\u00e4ume<\/td>\n<td>Jochberger Strasse 110<\/td>\n<td>+43 535 671 20 7<\/td>\n<td>www.carsten-schulze.com<\/td>\n<\/tr>\n<tr>\n<td><\/td>\n<td><\/td>\n<td><\/td>\n<td><\/td>\n<td><\/td>\n<\/tr>\n<tr>\n<td>Wien<\/td>\n<td>E. Fessler GmbH &amp; Co. KG<\/td>\n<td>Mozartgasse 3<\/td>\n<td>+43 1 505 84 99<\/td>\n<td>www.fessler-kamine.at<\/td>\n<\/tr>\n<tr>\n<td><\/td>\n<td>Wohnzeile 4,<\/td>\n<td>Linke Wienzeile 4,<\/td>\n<td>+43 1 587 80 80<\/td>\n<td>www.wohnzeile4.at<\/td>\n<\/tr>\n<\/tbody>\n<\/table>\n<p>&nbsp;<\/p>\n","protected":false},"excerpt":{"rendered":"<p>Index of retailers:\u00a0Austria City Shop Street Phone Internet G\u00f6tzis Clemens Seewald Dr. Alf. Heinzle-Str. 19 +43 552 362 69 3 www.seewald-ofen.at Kitzb\u00fchel Carsten Schulze Lebensr\u00e4ume Jochberger Strasse 110 +43 535 671 20 7 www.carsten-schulze.com Wien E. Fessler GmbH &amp; Co. KG Mozartgasse 3 +43 1 505 84 99 www.fessler-kamine.at Wohnzeile 4, Linke Wienzeile 4, +43 &hellip;<\/p>\n","protected":false},"author":1,"featured_media":0,"parent":704,"menu_order":0,"comment_status":"closed","ping_status":"closed","template":"","meta":{"footnotes":""},"_links":{"self":[{"href":"https:\/\/www.saegiag.ch\/en\/wp-json\/wp\/v2\/pages\/726"}],"collection":[{"href":"https:\/\/www.saegiag.ch\/en\/wp-json\/wp\/v2\/pages"}],"about":[{"href":"https:\/\/www.saegiag.ch\/en\/wp-json\/wp\/v2\/types\/page"}],"author":[{"embeddable":true,"href":"https:\/\/www.saegiag.ch\/en\/wp-json\/wp\/v2\/users\/1"}],"replies":[{"embeddable":true,"href":"https:\/\/www.saegiag.ch\/en\/wp-json\/wp\/v2\/comments?post=726"}],"version-history":[{"count":2,"href":"https:\/\/www.saegiag.ch\/en\/wp-json\/wp\/v2\/pages\/726\/revisions"}],"predecessor-version":[{"id":768,"href":"https:\/\/www.saegiag.ch\/en\/wp-json\/wp\/v2\/pages\/726\/revisions\/768"}],"up":[{"embeddable":true,"href":"https:\/\/www.saegiag.ch\/en\/wp-json\/wp\/v2\/pages\/704"}],"wp:attachment":[{"href":"https:\/\/www.saegiag.ch\/en\/wp-json\/wp\/v2\/media?parent=726"}],"curies":[{"name":"wp","href":"https:\/\/api.w.org\/{rel}","templated":true}]}}