{"id":798,"date":"2016-01-22T14:06:26","date_gmt":"2016-01-22T14:06:26","guid":{"rendered":"https:\/\/www.saegiag.ch\/en\/?page_id=798"},"modified":"2016-09-07T10:19:59","modified_gmt":"2016-09-07T10:19:59","slug":"imprint","status":"publish","type":"page","link":"https:\/\/www.saegiag.ch\/en\/imprint\/","title":{"rendered":"Imprint"},"content":{"rendered":"<div style=\"\" class=\"nm-row nm-row-full \">\n\t<div class=\"col-sm-12 leftcolumn nm_column\">\n\t\t<div class=\"wpb_wrapper\">\n\t\t\t\n\t<div class=\"wpb_text_column wpb_content_element \">\n\t\t<div class=\"wpb_wrapper\">\n\t\t\t<h1>Imprint<\/h1>\n\n\t\t<\/div>\n\t<\/div>\n\n\t\t<\/div> \n\t<\/div> \n<\/div><div style=\"\" class=\"nm-row nm-row-full \">\n\t<div class=\"col-sm-3 bottommargin nm_column\">\n\t\t<div class=\"wpb_wrapper\">\n\t\t\t\n\t<div class=\"wpb_text_column wpb_content_element \">\n\t\t<div class=\"wpb_wrapper\">\n\t\t\t<p class=\"p1\"><strong><span class=\"s1\">S\u00e4gi Ltd.<br \/>\n<\/span><\/strong><span class=\"s1\">Chaltenbodenstrasse 21<br \/>\n<\/span><span class=\"s1\">CH-8834 Schindellegi<br \/>\n<\/span><\/p>\n<p class=\"p1\"><span class=\"s1\">UID CH-100.995.241<\/span><\/p>\n<p class=\"p1\"><span class=\"s1\"><strong>Authorised representative C.E.O<\/strong><br \/>\nPeter S\u00e4gesser<\/span><\/p>\n<p class=\"p1\"><span class=\"s1\"><strong>Jurisdiction<\/strong><br \/>\nZurich<\/span><\/p>\n<p class=\"p1\"><span class=\"s1\"><strong>Web-Design<\/strong><br \/>\nCM360<br \/>\nMarco Ciarfaglia<br \/>\nPaulstrasse 15<br \/>\n8400 Winterthur<br \/>\n<a href=\"http:\/\/www.cm360.ch\"><span class=\"s2\">www.cm360.ch<\/span><\/a><\/span><\/p>\n<p class=\"p1\"><span class=\"s1\"><strong>Copyright<\/strong><br \/>\nS\u00e4gi Ltd., 8834 Schindellegi<br \/>\n<\/span><\/p>\n\n\t\t<\/div>\n\t<\/div>\n\n\t\t<\/div> \n\t<\/div> \n\n\t<div class=\"col-sm-9 bottommargin nm_column\">\n\t\t<div class=\"wpb_wrapper\">\n\t\t\t\n\t<div class=\"wpb_text_column wpb_content_element \">\n\t\t<div class=\"wpb_wrapper\">\n\t\t\t<p class=\"p1\"><span class=\"s1\">The Internet is generally not a secure environment. You acknowledge that the Internet is an open network to which everyone has access. S\u00e4gi treats personal data in accordance with the applicable data protection law.<\/span><\/p>\n<p class=\"p1\"><span class=\"s1\">For the content of linked pages are solely those operators responsible. S\u00e4gi Ltd. accepts no liability claim for the correctness, accuracy, timeliness, reliability and completeness of the information. S\u00e4gi assumes no responsibility with regard to damages of material or immaterial nature that are developed from the access or use of misuse of the connection or technical faults. All offers are not binding. S\u00e4gi reserves expressly to change parts of the pages or the entire website without prior notice or to cease publication temporarily or permanently.<\/span><\/p>\n<p class=\"p1\"><span class=\"s1\">The company S\u00e4gi Ltd. reserves all rights to the website, in particular to texts, images, graphics, sounds<br \/>\nand videos as well as it\u2019s design of the website. The content of this website may not be copied, distributed, modified or reposted to other sites. The website and it\u2019s design are subject to copyright protection and other<br \/>\nintellectual property laws. All content, including pictures, may be used only for personal, private purposes without the prior written consent of S\u00e4gi Ltd.<\/span><\/p>\n\n\t\t<\/div>\n\t<\/div>\n\n\t\t<\/div> \n\t<\/div> \n<\/div>\n","protected":false},"excerpt":{"rendered":"Imprint S\u00e4gi Ltd. Chaltenbodenstrasse 21 CH-8834 Schindellegi UID CH-100.995.241 Authorised representative C.E.O Peter S\u00e4gesser Jurisdiction Zurich Web-Design CM360 Marco Ciarfaglia Paulstrasse 15 8400 Winterthur www.cm360.ch Copyright S\u00e4gi Ltd., 8834 Schindellegi The Internet is generally not a secure environment. You acknowledge that the Internet is an open network to which everyone has access. S\u00e4gi treats personal [...]","protected":false},"author":1,"featured_media":0,"parent":0,"menu_order":0,"comment_status":"closed","ping_status":"closed","template":"","meta":{"footnotes":""},"_links":{"self":[{"href":"https:\/\/www.saegiag.ch\/en\/wp-json\/wp\/v2\/pages\/798"}],"collection":[{"href":"https:\/\/www.saegiag.ch\/en\/wp-json\/wp\/v2\/pages"}],"about":[{"href":"https:\/\/www.saegiag.ch\/en\/wp-json\/wp\/v2\/types\/page"}],"author":[{"embeddable":true,"href":"https:\/\/www.saegiag.ch\/en\/wp-json\/wp\/v2\/users\/1"}],"replies":[{"embeddable":true,"href":"https:\/\/www.saegiag.ch\/en\/wp-json\/wp\/v2\/comments?post=798"}],"version-history":[{"count":6,"href":"https:\/\/www.saegiag.ch\/en\/wp-json\/wp\/v2\/pages\/798\/revisions"}],"predecessor-version":[{"id":1037,"href":"https:\/\/www.saegiag.ch\/en\/wp-json\/wp\/v2\/pages\/798\/revisions\/1037"}],"wp:attachment":[{"href":"https:\/\/www.saegiag.ch\/en\/wp-json\/wp\/v2\/media?parent=798"}],"curies":[{"name":"wp","href":"https:\/\/api.w.org\/{rel}","templated":true}]}}